{"id":280,"date":"2021-06-15T10:48:33","date_gmt":"2021-06-15T10:48:33","guid":{"rendered":"https:\/\/www.eastener-hostel.de\/wp2\/?page_id=280"},"modified":"2022-11-24T18:02:44","modified_gmt":"2022-11-24T18:02:44","slug":"leistungen","status":"publish","type":"page","link":"https:\/\/www.eastener-hostel.de\/wp2\/leistungen\/","title":{"rendered":"Leistungen"},"content":{"rendered":"\n\n\n<style>\n\n@media (min-width: 70px) {\n        body .metaslider .caption {\n          display: none !important;\n        }\n\n@media (min-width: 768px) {\n        body .metaslider .caption {\n          display: block !important;\n        }\nbody .metaslider .caption {\npadding: 1.2em 1.2em 1.2em 1.2em !IMPORTANT;\n  word-wrap: break-word;\nfont-size: calc(0.8em + (20 - 16) * ((100vw - 50em) \/ (1600 - 320)))   !IMPORTANT ;\n\n  font-family: verdana !IMPORTANT;\n}\n\nbody .metaslider .caption-wrap {\n  position: absolute;\n  top: 10em !IMPORTANT;\n  left: 0;\n  background: white !IMPORTANT;\n  color: black !IMPORTANT;\n  opacity: 0.7 !IMPORTANT;\n  margin: 0;\n  display: block;\n  width: 100%;\n  line-height: 1.4em !IMPORTANT;\n  width: fit-content !IMPORTANT;\n  bottom:revert;\n}\n<\/style>\n\n\n\n<div class=\"alignnormal\"><div id=\"metaslider-id-527\" style=\"width: 100%;\" class=\"ml-slider-3-27-14 metaslider metaslider-flex metaslider-527 ml-slider .metaslider .caption { padding: 1.2em 1.2em 1.2em 1.2em;   word-wrap: break-word; font-size: calc(0.8em + (20 - 16) * ((100vw - 50em) \/ (1600 - 320)));   position: relative;   bottom: 5em;   padding-top: 4em;   font-family: verdana; }  .metaslider .caption-wrap {   position: absolute;   top: 5em;   left: 0;   background: white;   color: gray;   opacity: 0.7;   margin: 0;   display: block;   width: 100%;   line-height: 1.4em;   width: fit-content; }\">\n    <div id=\"metaslider_container_527\">\n        <div id=\"metaslider_527\">\n            <ul aria-live=\"polite\" class=\"slides\">\n                <li style=\"display: block; width: 100%;\" class=\"slide-609 ms-image\"><img loading=\"lazy\" decoding=\"async\" src=\"https:\/\/www.eastener-hostel.de\/wp2\/wp-content\/uploads\/2021\/06\/sw-Berlin-mit-Fernsehturm-Oberbaumbrucke-und-Spree-700x400.jpg\" height=\"400\" width=\"700\" alt=\"\" class=\"slider-527 slide-609\" title=\"berlin skyline aerial view with river spree and oberbaumbruecke\" \/><\/li>\n                <li style=\"display: none; width: 100%;\" class=\"slide-532 ms-image\"><img loading=\"lazy\" decoding=\"async\" src=\"https:\/\/www.eastener-hostel.de\/wp2\/wp-content\/uploads\/2021\/06\/sw-mauerpark-700x400.jpg\" height=\"400\" width=\"700\" alt=\"\" class=\"slider-527 slide-532\" title=\"sw-mauerpark\" \/><div class=\"caption-wrap\"><div class=\"caption\">Mauerpark - nearby Eastener Hostel<\/div><\/div><\/li>\n                <li style=\"display: none; width: 100%;\" class=\"slide-533 ms-image\"><img loading=\"lazy\" decoding=\"async\" src=\"https:\/\/www.eastener-hostel.de\/wp2\/wp-content\/uploads\/2021\/06\/sw-brandenburgerTor-700x400.jpg\" height=\"400\" width=\"700\" alt=\"\" class=\"slider-527 slide-533\" title=\"sw-brandenburgerTor\" \/><div class=\"caption-wrap\"><div class=\"caption\">Brandenburger Tor - nearby Eastener Hostel<\/div><\/div><\/li>\n                <li style=\"display: none; width: 100%;\" class=\"slide-531 ms-image\"><img loading=\"lazy\" decoding=\"async\" src=\"https:\/\/www.eastener-hostel.de\/wp2\/wp-content\/uploads\/2021\/06\/sw-museumsinsel-700x400.jpg\" height=\"400\" width=\"700\" alt=\"\" class=\"slider-527 slide-531\" title=\"Bode Museum, Berlin, Germany\" \/><div class=\"caption-wrap\"><div class=\"caption\">Bode Museum - nearby Eastener Hostel<\/div><\/div><\/li>\n                <li style=\"display: none; width: 100%;\" class=\"slide-529 ms-image\"><img loading=\"lazy\" decoding=\"async\" src=\"https:\/\/www.eastener-hostel.de\/wp2\/wp-content\/uploads\/2021\/06\/sw-reichstag-700x400.jpg\" height=\"400\" width=\"700\" alt=\"\" class=\"slider-527 slide-529\" title=\"sw-reichstag\" \/><div class=\"caption-wrap\"><div class=\"caption\">Reichstag - nearby Eastener Hostel<\/div><\/div><\/li>\n                <li style=\"display: none; width: 100%;\" class=\"slide-530 ms-image\"><img loading=\"lazy\" decoding=\"async\" src=\"https:\/\/www.eastener-hostel.de\/wp2\/wp-content\/uploads\/2021\/06\/sw-palais-700x400.jpg\" height=\"400\" width=\"700\" alt=\"\" class=\"slider-527 slide-530\" title=\"sw-palais\" \/><div class=\"caption-wrap\"><div class=\"caption\">Unter den Linden - nearby Eastener Hostel<\/div><\/div><\/li>\n                <li style=\"display: none; width: 100%;\" class=\"slide-528 ms-image\"><img loading=\"lazy\" decoding=\"async\" src=\"https:\/\/www.eastener-hostel.de\/wp2\/wp-content\/uploads\/2021\/06\/iStock-139716425-700x400.jpg\" height=\"400\" width=\"700\" alt=\"\" class=\"slider-527 slide-528\" title=\"synagogue\" \/><div class=\"caption-wrap\"><div class=\"caption\">Synagoge - nearby Eastener Hostel<\/div><\/div><\/li>\n            <\/ul>\n        <\/div>\n        \n    <\/div>\n<\/div><\/div>\n\n\n\n<div style=\"height:49px\" aria-hidden=\"true\" class=\"wp-block-spacer\"><\/div>\n\n\n\n<p><\/p>\n\n\n\n<h4 class=\"has-text-align-center wp-block-heading\">Leistungen<\/h4>\n\n\n\n<hr class=\"wp-block-separator\"\/>\n\n\n\n<div style=\"height:49px\" aria-hidden=\"true\" class=\"wp-block-spacer\"><\/div>\n\n\n\n<p><\/p>\n\n\n\n<ul class=\"wp-block-list\"><li>pers\u00f6nliche und ruhige Atmosph\u00e4re in kleiner Nebenstrasse in Berlin-Mitte<\/li><li>unmittelbare N\u00e4he zu Berlins Sehensw\u00fcrdigkeiten (z.B. 3&#8243; Fussweg zur Oranienburger Strasse; 25&#8243; Fussweg zum Brandenburger Tor und Reichstag, 15&#8243; Fussweg zur Museumsinsel, 30&#8243; Fussweg zum Potsdamer Platz)<\/li><li>Waschbecken mit warmen Wasser in jedem Zimmer<\/li><li>Keine Schliesszeiten<\/li><li>Selbstversorgerk\u00fcche<\/li><\/ul>\n","protected":false},"excerpt":{"rendered":"<p>Leistungen pers\u00f6nliche und ruhige Atmosph\u00e4re in kleiner Nebenstrasse in Berlin-Mitte unmittelbare N\u00e4he zu Berlins Sehensw\u00fcrdigkeiten (z.B. 3&#8243; Fussweg zur Oranienburger Strasse; 25&#8243; Fussweg zum Brandenburger Tor und Reichstag, 15&#8243; Fussweg zur Museumsinsel, 30&#8243; Fussweg zum Potsdamer Platz) Waschbecken mit warmen Wasser in jedem Zimmer Keine Schliesszeiten Selbstversorgerk\u00fcche<\/p>\n","protected":false},"author":1,"featured_media":0,"parent":0,"menu_order":0,"comment_status":"closed","ping_status":"closed","template":"","meta":[],"class_list":["post-280","page","type-page","status-publish","hentry","description-off"],"_links":{"self":[{"href":"https:\/\/www.eastener-hostel.de\/wp2\/wp-json\/wp\/v2\/pages\/280","targetHints":{"allow":["GET"]}}],"collection":[{"href":"https:\/\/www.eastener-hostel.de\/wp2\/wp-json\/wp\/v2\/pages"}],"about":[{"href":"https:\/\/www.eastener-hostel.de\/wp2\/wp-json\/wp\/v2\/types\/page"}],"author":[{"embeddable":true,"href":"https:\/\/www.eastener-hostel.de\/wp2\/wp-json\/wp\/v2\/users\/1"}],"replies":[{"embeddable":true,"href":"https:\/\/www.eastener-hostel.de\/wp2\/wp-json\/wp\/v2\/comments?post=280"}],"version-history":[{"count":11,"href":"https:\/\/www.eastener-hostel.de\/wp2\/wp-json\/wp\/v2\/pages\/280\/revisions"}],"predecessor-version":[{"id":575,"href":"https:\/\/www.eastener-hostel.de\/wp2\/wp-json\/wp\/v2\/pages\/280\/revisions\/575"}],"wp:attachment":[{"href":"https:\/\/www.eastener-hostel.de\/wp2\/wp-json\/wp\/v2\/media?parent=280"}],"curies":[{"name":"wp","href":"https:\/\/api.w.org\/{rel}","templated":true}]}}